{"id":6,"date":"2011-11-06T16:26:03","date_gmt":"2011-11-06T15:26:03","guid":{"rendered":"http:\/\/lafilledecorinthe.com\/wordpress\/?page_id=6"},"modified":"2026-02-24T15:28:45","modified_gmt":"2026-02-24T14:28:45","slug":"qui-suis-je","status":"publish","type":"page","link":"https:\/\/lafilledecorinthe.com\/wordpress\/qui-suis-je\/","title":{"rendered":"Qui suis-je ?"},"content":{"rendered":"\n<div class=\"wp-block-columns is-layout-flex wp-container-core-columns-is-layout-9d6595d7 wp-block-columns-is-layout-flex\">\n<div class=\"wp-block-column is-layout-flow wp-block-column-is-layout-flow\" style=\"flex-basis:260px\"><div class=\"wp-block-image\">\n<figure class=\"aligncenter size-large is-resized\"><img loading=\"lazy\" decoding=\"async\" width=\"1241\" height=\"1280\" src=\"https:\/\/lafilledecorinthe.com\/wordpress\/wp-content\/uploads\/2011\/11\/IMG_6814-1241x1280.jpeg\" alt=\"\" class=\"wp-image-11346\" style=\"width:214px;height:auto\" srcset=\"https:\/\/lafilledecorinthe.com\/wordpress\/wp-content\/uploads\/2011\/11\/IMG_6814-1241x1280.jpeg 1241w, https:\/\/lafilledecorinthe.com\/wordpress\/wp-content\/uploads\/2011\/11\/IMG_6814-659x680.jpeg 659w, https:\/\/lafilledecorinthe.com\/wordpress\/wp-content\/uploads\/2011\/11\/IMG_6814-291x300.jpeg 291w\" sizes=\"auto, (max-width: 1241px) 100vw, 1241px\" \/><figcaption class=\"wp-element-caption\">Marielle Bernaudeau<\/figcaption><\/figure>\n<\/div>\n\n\n<p><strong>Contact :<\/strong><br>06 88 71 57 51<br><a href=\"mailto:contact@lafilledecorinthe.com\">contact@lafilledecorinthe.com<\/a><\/p>\n\n\n\n<p><strong>Identifiant SIRET :<\/strong><br>538 945 254 00018<\/p>\n\n\n\n<p><\/p>\n<\/div>\n\n\n\n<div class=\"wp-block-column is-layout-flow wp-block-column-is-layout-flow\">\n<p><br><strong>Conception et animation d\u2019ateliers artistiques sur les images <\/strong>(cin\u00e9ma, photographie, illustration)<br><strong>Formation pour adultes<\/strong> (enseignants, biblioth\u00e9caires, m\u00e9diateurs jeune public)<\/p>\n\n\n\n<h6 class=\"wp-block-heading has-text-align-left\"><strong>Parcours<\/strong><\/h6>\n\n\n\n<p class=\"has-text-align-left\">2011-2026 : cr\u00e9ation et animation du site blog <em>La fille de Corinthe<\/em><br>2008-2011 : conseill\u00e8re p\u00e9dagogique d\u00e9partementale en arts visuels (Hauts de Seine)<br>2004-2008 : ma\u00eetre formateur, option arts visuels<br>1988-2004 : enseignante dans l\u2019enseignement primaire public<\/p>\n\n\n\n<p><strong>Formation<\/strong><br>2005 : CAFIPEMF (Certificat d\u2019Aptitude aux Fonctions d\u2019Instituteur ou Professeur des Ecoles Ma\u00eetre-Formateur), option arts visuels<br>1986-1988 : \u00e9cole normale d\u2019Antony (Hauts de Seine)<br>1986 : licence de sociologie \u00e0 l\u2019universit\u00e9 de Nancy II<\/p>\n\n\n\n<p><strong>Exp\u00e9riences<\/strong><br>Formations avec Ma classe au Cin\u00e9ma, Images en biblioth\u00e8ques, M\u00e9dia-Tarn<br>Visites-ateliers<em> Les enfants d\u2019abord<\/em> au Jeu de Paume<br>Ateliers en lien avec le festival Id\u00e9klic<br>Ateliers en lien avec La <em>Petite Ecole de Cin\u00e9ma<\/em> de Havre de Cin\u00e9ma<br>Documents accompagnant les dispositifs <em>Maternelle au Cin\u00e9ma<\/em> et <em>\u00c9cole et Cin\u00e9ma<\/em> sur le site Nanouk<br>Parcours p\u00e9dagogique <em>De l\u2019album Jeunesse au cin\u00e9ma d\u2019animation et Vice versa, <\/em>Upopi, Ciclic<br><\/p>\n<\/div>\n<\/div>\n\n\n\n<hr class=\"wp-block-separator has-alpha-channel-opacity\"\/>\n\n\n\n<div class=\"wp-block-columns is-layout-flex wp-container-core-columns-is-layout-9d6595d7 wp-block-columns-is-layout-flex\">\n<div class=\"wp-block-column is-layout-flow wp-block-column-is-layout-flow\">\n<h3 class=\"wp-block-heading\">Pourquoi ce nom \u00ab\u00a0La fille de Corinthe\u00a0\u00bb ?<\/h3>\n\n\n\n<p>Lorsqu&rsquo;il y a une dizaine d&rsquo;ann\u00e9es j&rsquo;ai d\u00e9cid\u00e9 de travailler en tant qu&rsquo;ind\u00e9pendante, il m&rsquo;est apparu n\u00e9cessaire d&rsquo;appuyer mon activit\u00e9 sur un site, de faire conna\u00eetre mes diff\u00e9rents projets et de partager des ressources cr\u00e9\u00e9es lors de mes ateliers et de mes formations. La cr\u00e9ation d&rsquo;un site me permettait aussi d&rsquo;avoir un espace d&rsquo;expression dans lequel je pouvais librement partager des coups de c\u0153ur et des rencontres marquantes.<\/p>\n\n\n\n<p>Lors de la cr\u00e9ation du site j&rsquo;ai \u00e9t\u00e9 tout de suite confront\u00e9e \u00e0 un v\u00e9ritable d\u00e9fi, lui trouver un nom original. Je me suis tourn\u00e9e vers l&rsquo;Antiquit\u00e9 \u00e0 la recherche d&rsquo;une d\u00e9esse ou d&rsquo;une muse pr\u00eate \u00e0 m&rsquo;aider. C&rsquo;est un mythe racont\u00e9 par Pline l&rsquo;Ancien dans son <em>Histoire Naturelle<\/em> r\u00e9dig\u00e9 au 1<sup>er <\/sup>si\u00e8cle qui va me tendre la main.<\/p>\n\n\n\n<p><em>Butades de Sicyone, potier de terre, fut le premier qui inventa, \u00e0 Corinthe, l&rsquo;art de faire des portraits avec cette m\u00eame terre dont il se servait, gr\u00e2ce toutefois \u00e0 sa fille&nbsp;: celle-ci, amoureuse d&rsquo;un jeune homme qui partait pour un lointain voyage, renferma dans des lignes l&rsquo;ombre de son visage projet\u00e9 sur une muraille par la lumi\u00e8re d&rsquo;une lampe; le p\u00e8re appliqua de l&rsquo;argile sur ce trait, et en fit un mod\u00e8le qu&rsquo;il mit au feu avec ses autres poteries. On rapporte que ce premier type se conserva dans le Nymphaeum jusqu&rsquo;\u00e0 la destruction de Corinthe par Mummius<\/em>.<br>Pline l&rsquo;Ancien,&nbsp;<em>Histoire naturelle<\/em>, tr. \u00c9mile Littr\u00e9, t. 2, Paris&nbsp;: Firmin Didot, 1877 <\/p>\n<\/div>\n<\/div>\n\n\n\n<section class=\"template-default-alt aligncenter wp-block-groundworx-carousel is-layout-flow wp-block-groundworx-carousel-is-layout-flow groundworx-2\">\n\t<div\n\t\tid=\"gwx-carousel-1\"\n\t\tclass=\"gwx-carousel\"\n\t\trole=\"region\"\n\t\taria-roledescription=\"carousel\"\n\t\taria-label=\"Interactive content\"\n\t\tdata-wp-interactive=\"groundworx\/carousel\"\n\t\tdata-wp-init=\"callbacks.carouselInit\"\n\t\tdata-wp-on-window--resize=\"actions.updateBreakpoint\"\n\t\tdata-wp-watch=\"callbacks.carouselReinit\"\n\t\tdata-wp-context=\"{&quot;carouselOptions&quot;:{&quot;loop&quot;:true,&quot;align&quot;:&quot;start&quot;,&quot;slideSize&quot;:&quot;100.0000%&quot;,&quot;perPage&quot;:1,&quot;containScroll&quot;:&quot;trimSnaps&quot;,&quot;autoplay&quot;:false,&quot;arrows&quot;:true,&quot;pagination&quot;:true,&quot;progressBar&quot;:false,&quot;counter&quot;:false},&quot;labels&quot;:{&quot;gotoSlide&quot;:&quot;Go to slide&quot;,&quot;slide&quot;:&quot;slide&quot;}}\"\n\t\tdata-wp-class--is-destroyed=\"state.isDestroyed\"\n\t\tdata-wp-class--is-loop=\"state.isLoop\"\n\t\tdata-wp-class--gwx-carousel--has-arrows=\"state.hasArrows\"\n\t\tdata-wp-class--gwx-carousel--has-pagination=\"state.hasPagination\"\n\t\tdata-wp-class--gwx-carousel--has-counter=\"state.hasCounter\"\n\t\tdata-wp-class--gwx-carousel--has-progressbar=\"state.hasProgressBar\"\n\t\tdata-wp-class--is-overflow=\"state.isOverflow\"\n\t\tdata-wp-class--is-not-overflow=\"state.isNotOverflow\"\n\t\tdata-wp-style----gwx-columns=\"state.columnsCss\"\n\t\tdata-wp-on--mouseenter=\"actions.pauseAutoplay\"\n\t\tdata-wp-on--mouseleave=\"actions.resumeAutoplay\"\n\t>\n\t\t<div class=\"gwx-carousel__wrapper\">\n\t\t\t<div class=\"gwx-carousel__arrows\">\n\t\t\t\t<button disabled\n\t\t\t\t\ttype=\"button\"\n\t\t\t\t\tclass=\"gwx-carousel__arrow wp-block-button__link wp-element-button gwx-carousel__arrow--prev\"\n\t\t\t\t\t\t\t\t\t\taria-label=\"Previous slide\"\n\t\t\t\t\tdata-wp-on--click=\"actions.scrollPrev\"\n\t\t\t\t\tdata-wp-bind--disabled=\"!state.canScrollPrev\"\n\t\t\t\t\tdata-wp-bind--aria-controls=\"state.trackId\"\n\t\t\t\t>\n\t\t\t\t\t<svg viewBox=\"0 0 40 40\" aria-hidden=\"true\" focusable=\"false\"><path d=\"M16.74,36l-3.48-3.48L25.79,20L13.26,7.48L16.74,4l16,16L16.74,36z\" transform=\"scale(-1, 1) translate(-40, 0)\"\/><\/svg>\n\t\t\t\t<\/button>\n\n\t\t\t\t<div class=\"gwx-carousel__counter\" aria-live=\"polite\" aria-atomic=\"true\"\n\t\t\t\t\t>\n\t\t\t\t\t<span class=\"gwx-carousel__counter-current\" data-wp-text=\"state.counterCurrent\"><\/span>\n\t\t\t\t\t<span class=\"gwx-carousel__counter-separator\">\/<\/span>\n\t\t\t\t\t<span class=\"gwx-carousel__counter-total\" data-wp-text=\"state.counterTotal\"><\/span>\n\t\t\t\t<\/div>\n\n\t\t\t\t<button disabled\n\t\t\t\t\ttype=\"button\"\n\t\t\t\t\tclass=\"gwx-carousel__arrow wp-block-button__link wp-element-button gwx-carousel__arrow--next\"\n\t\t\t\t\t\t\t\t\t\taria-label=\"Next slide\"\n\t\t\t\t\tdata-wp-on--click=\"actions.scrollNext\"\n\t\t\t\t\tdata-wp-bind--disabled=\"!state.canScrollNext\"\n\t\t\t\t\tdata-wp-bind--aria-controls=\"state.trackId\"\n\t\t\t\t>\n\t\t\t\t\t<svg viewBox=\"0 0 40 40\" aria-hidden=\"true\" focusable=\"false\"><path d=\"M16.74,36l-3.48-3.48L25.79,20L13.26,7.48L16.74,4l16,16L16.74,36z\"\/><\/svg>\n\t\t\t\t<\/button>\n\t\t\t<\/div>\n\n\t\t\t<div class=\"gwx-carousel__pagination\" role=\"tablist\" aria-label=\"Select a slide to show\">\n\t\t\t\t<template data-wp-each=\"state.dots\">\n\t\t\t\t\t<button\n\t\t\t\t\t\ttype=\"button\"\n\t\t\t\t\t\trole=\"tab\"\n\t\t\t\t\t\tclass=\"gwx-carousel__pagination-item\"\n\t\t\t\t\t\tdata-wp-on--click=\"actions.scrollToDot\"\n\t\t\t\t\t\tdata-wp-on--keydown=\"actions.handleDotKeydown\"\n\t\t\t\t\t\tdata-wp-bind--aria-selected=\"state.isDotActive\"\n\t\t\t\t\t\tdata-wp-bind--aria-controls=\"state.dotSlideId\"\n\t\t\t\t\t\tdata-wp-bind--aria-label=\"state.dotLabel\"\n\t\t\t\t\t\tdata-wp-bind--tabindex=\"state.dotTabindex\"\n\t\t\t\t\t\tdata-wp-class--is-active=\"state.isDotActive\"\n\t\t\t\t\t\tdata-wp-style--color=\"state.dotColor\"\n\t\t\t\t\t\tdata-wp-style--background-color=\"state.dotBgColor\"\n\t\t\t\t\t\tdata-wp-style--border-color=\"state.dotBorderColor\"\n\t\t\t\t\t\t\t\t\t\t\t><svg width=\"16\" height=\"16\" viewBox=\"0 0 16 16\" xmlns=\"http:\/\/www.w3.org\/2000\/svg\" role=\"presentation\" focusable=\"false\" stroke-width=\"1\" stroke=\"currentColor\" fill=\"transparent\"><path d=\"M 8 3 A 5 5 0 1 1 8 13 A 5 5 0 1 1 8 3\" \/><\/svg><\/button>\n\t\t\t\t<\/template>\n\t\t\t<\/div>\n\n\t\t\t<div class=\"gwx-carousel__viewport\" data-wp-init=\"callbacks.initViewport\">\n\t\t\t\t<div class=\"gwx-carousel__container\">\n\t\t\t\t\t\n<div aria-roledescription=\"slide\" class=\"wp-block-groundworx-slide gwx-carousel__slide aligncenter\" role=\"tabpanel\"><div class=\"gwx-carousel__slide-content is-layout-flow wp-block-groundworx-slide-is-layout-flow\"><div class=\"wp-block-image\">\n<figure class=\"aligncenter size-full\"><img loading=\"lazy\" decoding=\"async\" width=\"778\" height=\"837\" src=\"https:\/\/lafilledecorinthe.com\/wordpress\/wp-content\/uploads\/2025\/12\/1-Charles-le-Brun-1668-1.jpg\" alt=\"\" class=\"wp-image-15090\" srcset=\"https:\/\/lafilledecorinthe.com\/wordpress\/wp-content\/uploads\/2025\/12\/1-Charles-le-Brun-1668-1.jpg 778w, https:\/\/lafilledecorinthe.com\/wordpress\/wp-content\/uploads\/2025\/12\/1-Charles-le-Brun-1668-1-632x680.jpg 632w, https:\/\/lafilledecorinthe.com\/wordpress\/wp-content\/uploads\/2025\/12\/1-Charles-le-Brun-1668-1-768x826.jpg 768w\" sizes=\"auto, (max-width: 778px) 100vw, 778px\" \/><figcaption class=\"wp-element-caption\">Charles le Brun (1668)<\/figcaption><\/figure>\n<\/div><\/div><\/div>\n\n<div aria-roledescription=\"slide\" class=\"wp-block-groundworx-slide gwx-carousel__slide aligncenter\" role=\"tabpanel\"><div class=\"gwx-carousel__slide-content is-layout-flow wp-block-groundworx-slide-is-layout-flow\"><div class=\"wp-block-image\">\n<figure class=\"aligncenter size-full\"><img loading=\"lazy\" decoding=\"async\" width=\"1024\" height=\"576\" src=\"https:\/\/lafilledecorinthe.com\/wordpress\/wp-content\/uploads\/2025\/12\/2-Bernard-Picart-1727-1.jpg\" alt=\"\" class=\"wp-image-15094\" srcset=\"https:\/\/lafilledecorinthe.com\/wordpress\/wp-content\/uploads\/2025\/12\/2-Bernard-Picart-1727-1.jpg 1024w, https:\/\/lafilledecorinthe.com\/wordpress\/wp-content\/uploads\/2025\/12\/2-Bernard-Picart-1727-1-680x383.jpg 680w, https:\/\/lafilledecorinthe.com\/wordpress\/wp-content\/uploads\/2025\/12\/2-Bernard-Picart-1727-1-768x432.jpg 768w\" sizes=\"auto, (max-width: 1024px) 100vw, 1024px\" \/><figcaption class=\"wp-element-caption\">Bernard Picart (1727)<\/figcaption><\/figure>\n<\/div><\/div><\/div>\n\n<div aria-roledescription=\"slide\" class=\"wp-block-groundworx-slide gwx-carousel__slide aligncenter\" role=\"tabpanel\"><div class=\"gwx-carousel__slide-content is-layout-flow wp-block-groundworx-slide-is-layout-flow\"><div class=\"wp-block-image\">\n<figure class=\"aligncenter size-medium\"><img loading=\"lazy\" decoding=\"async\" width=\"556\" height=\"680\" src=\"https:\/\/lafilledecorinthe.com\/wordpress\/wp-content\/uploads\/2025\/12\/3-David-Allan-1773-1-556x680.jpg\" alt=\"\" class=\"wp-image-15095\" srcset=\"https:\/\/lafilledecorinthe.com\/wordpress\/wp-content\/uploads\/2025\/12\/3-David-Allan-1773-1-556x680.jpg 556w, https:\/\/lafilledecorinthe.com\/wordpress\/wp-content\/uploads\/2025\/12\/3-David-Allan-1773-1-1047x1280.jpg 1047w, https:\/\/lafilledecorinthe.com\/wordpress\/wp-content\/uploads\/2025\/12\/3-David-Allan-1773-1-768x939.jpg 768w, https:\/\/lafilledecorinthe.com\/wordpress\/wp-content\/uploads\/2025\/12\/3-David-Allan-1773-1.jpg 1090w\" sizes=\"auto, (max-width: 556px) 100vw, 556px\" \/><figcaption class=\"wp-element-caption\">David Allan (1773)<\/figcaption><\/figure>\n<\/div><\/div><\/div>\n\n<div aria-roledescription=\"slide\" class=\"wp-block-groundworx-slide gwx-carousel__slide aligncenter\" role=\"tabpanel\"><div class=\"gwx-carousel__slide-content is-layout-flow wp-block-groundworx-slide-is-layout-flow\"><div class=\"wp-block-image\">\n<figure class=\"aligncenter size-full\"><img loading=\"lazy\" decoding=\"async\" width=\"2560\" height=\"2085\" src=\"https:\/\/lafilledecorinthe.com\/wordpress\/wp-content\/uploads\/2025\/12\/4-Joseph-Wright-1782-1784-1-scaled.jpg\" alt=\"\" class=\"wp-image-15096\" srcset=\"https:\/\/lafilledecorinthe.com\/wordpress\/wp-content\/uploads\/2025\/12\/4-Joseph-Wright-1782-1784-1-scaled.jpg 2560w, https:\/\/lafilledecorinthe.com\/wordpress\/wp-content\/uploads\/2025\/12\/4-Joseph-Wright-1782-1784-1-680x554.jpg 680w, https:\/\/lafilledecorinthe.com\/wordpress\/wp-content\/uploads\/2025\/12\/4-Joseph-Wright-1782-1784-1-1280x1043.jpg 1280w, https:\/\/lafilledecorinthe.com\/wordpress\/wp-content\/uploads\/2025\/12\/4-Joseph-Wright-1782-1784-1-768x626.jpg 768w, https:\/\/lafilledecorinthe.com\/wordpress\/wp-content\/uploads\/2025\/12\/4-Joseph-Wright-1782-1784-1-1536x1251.jpg 1536w, https:\/\/lafilledecorinthe.com\/wordpress\/wp-content\/uploads\/2025\/12\/4-Joseph-Wright-1782-1784-1-2048x1668.jpg 2048w\" sizes=\"auto, (max-width: 2560px) 100vw, 2560px\" \/><figcaption class=\"wp-element-caption\">Joseph Wright (1782-1784)<\/figcaption><\/figure>\n<\/div><\/div><\/div>\n\n<div aria-roledescription=\"slide\" class=\"wp-block-groundworx-slide gwx-carousel__slide aligncenter\" role=\"tabpanel\"><div class=\"gwx-carousel__slide-content is-layout-flow wp-block-groundworx-slide-is-layout-flow\"><div class=\"wp-block-image\">\n<figure class=\"aligncenter size-full\"><img loading=\"lazy\" decoding=\"async\" width=\"1500\" height=\"1155\" src=\"https:\/\/lafilledecorinthe.com\/wordpress\/wp-content\/uploads\/2025\/12\/5-Jean-Baptiste-Regnault-1785-1.jpg\" alt=\"\" class=\"wp-image-15097\" srcset=\"https:\/\/lafilledecorinthe.com\/wordpress\/wp-content\/uploads\/2025\/12\/5-Jean-Baptiste-Regnault-1785-1.jpg 1500w, https:\/\/lafilledecorinthe.com\/wordpress\/wp-content\/uploads\/2025\/12\/5-Jean-Baptiste-Regnault-1785-1-680x524.jpg 680w, https:\/\/lafilledecorinthe.com\/wordpress\/wp-content\/uploads\/2025\/12\/5-Jean-Baptiste-Regnault-1785-1-1280x986.jpg 1280w, https:\/\/lafilledecorinthe.com\/wordpress\/wp-content\/uploads\/2025\/12\/5-Jean-Baptiste-Regnault-1785-1-768x591.jpg 768w\" sizes=\"auto, (max-width: 1500px) 100vw, 1500px\" \/><figcaption class=\"wp-element-caption\">Jean-Baptiste Regnault (1785)<\/figcaption><\/figure>\n<\/div><\/div><\/div>\n\n<div aria-roledescription=\"slide\" class=\"wp-block-groundworx-slide gwx-carousel__slide aligncenter\" role=\"tabpanel\"><div class=\"gwx-carousel__slide-content is-layout-flow wp-block-groundworx-slide-is-layout-flow\"><div class=\"wp-block-image\">\n<figure class=\"aligncenter size-medium\"><img loading=\"lazy\" decoding=\"async\" width=\"541\" height=\"680\" src=\"https:\/\/lafilledecorinthe.com\/wordpress\/wp-content\/uploads\/2025\/12\/6-Joseph-Benoit-Suvee-vers-1791-1-541x680.jpg\" alt=\"\" class=\"wp-image-15098\" srcset=\"https:\/\/lafilledecorinthe.com\/wordpress\/wp-content\/uploads\/2025\/12\/6-Joseph-Benoit-Suvee-vers-1791-1-541x680.jpg 541w, https:\/\/lafilledecorinthe.com\/wordpress\/wp-content\/uploads\/2025\/12\/6-Joseph-Benoit-Suvee-vers-1791-1-768x966.jpg 768w, https:\/\/lafilledecorinthe.com\/wordpress\/wp-content\/uploads\/2025\/12\/6-Joseph-Benoit-Suvee-vers-1791-1.jpg 954w\" sizes=\"auto, (max-width: 541px) 100vw, 541px\" \/><figcaption class=\"wp-element-caption\">Joseph-Benoi\u0302t Suve\u0301e (1791)<\/figcaption><\/figure>\n<\/div><\/div><\/div>\n\n<div aria-roledescription=\"slide\" class=\"wp-block-groundworx-slide gwx-carousel__slide aligncenter\" role=\"tabpanel\"><div class=\"gwx-carousel__slide-content is-layout-flow wp-block-groundworx-slide-is-layout-flow\"><div class=\"wp-block-image\">\n<figure class=\"aligncenter size-full\"><img loading=\"lazy\" decoding=\"async\" width=\"1584\" height=\"1200\" src=\"https:\/\/lafilledecorinthe.com\/wordpress\/wp-content\/uploads\/2025\/12\/7-Jean_Louis-Ducis-1808-1.jpg\" alt=\"\" class=\"wp-image-15099\" srcset=\"https:\/\/lafilledecorinthe.com\/wordpress\/wp-content\/uploads\/2025\/12\/7-Jean_Louis-Ducis-1808-1.jpg 1584w, https:\/\/lafilledecorinthe.com\/wordpress\/wp-content\/uploads\/2025\/12\/7-Jean_Louis-Ducis-1808-1-680x515.jpg 680w, https:\/\/lafilledecorinthe.com\/wordpress\/wp-content\/uploads\/2025\/12\/7-Jean_Louis-Ducis-1808-1-1280x970.jpg 1280w, https:\/\/lafilledecorinthe.com\/wordpress\/wp-content\/uploads\/2025\/12\/7-Jean_Louis-Ducis-1808-1-768x582.jpg 768w, https:\/\/lafilledecorinthe.com\/wordpress\/wp-content\/uploads\/2025\/12\/7-Jean_Louis-Ducis-1808-1-1536x1164.jpg 1536w\" sizes=\"auto, (max-width: 1584px) 100vw, 1584px\" \/><figcaption class=\"wp-element-caption\">Jean-Louis Ducis (1808)<\/figcaption><\/figure>\n<\/div><\/div><\/div>\n\n<div aria-roledescription=\"slide\" class=\"wp-block-groundworx-slide gwx-carousel__slide aligncenter\" role=\"tabpanel\"><div class=\"gwx-carousel__slide-content is-layout-flow wp-block-groundworx-slide-is-layout-flow\"><div class=\"wp-block-image\">\n<figure class=\"aligncenter size-full\"><img loading=\"lazy\" decoding=\"async\" width=\"712\" height=\"1000\" src=\"https:\/\/lafilledecorinthe.com\/wordpress\/wp-content\/uploads\/2025\/12\/8-Jeanne-Elisabeth-Chaudet-1810-1.jpg\" alt=\"\" class=\"wp-image-15100\" srcset=\"https:\/\/lafilledecorinthe.com\/wordpress\/wp-content\/uploads\/2025\/12\/8-Jeanne-Elisabeth-Chaudet-1810-1.jpg 712w, https:\/\/lafilledecorinthe.com\/wordpress\/wp-content\/uploads\/2025\/12\/8-Jeanne-Elisabeth-Chaudet-1810-1-484x680.jpg 484w\" sizes=\"auto, (max-width: 712px) 100vw, 712px\" \/><figcaption class=\"wp-element-caption\">Jeanne-Elisabeth Chaudet (1810)<\/figcaption><\/figure>\n<\/div><\/div><\/div>\n\n<div aria-roledescription=\"slide\" class=\"wp-block-groundworx-slide gwx-carousel__slide aligncenter\" role=\"tabpanel\"><div class=\"gwx-carousel__slide-content is-layout-flow wp-block-groundworx-slide-is-layout-flow\"><div class=\"wp-block-image\">\n<figure class=\"aligncenter size-full\"><img loading=\"lazy\" decoding=\"async\" width=\"446\" height=\"600\" src=\"https:\/\/lafilledecorinthe.com\/wordpress\/wp-content\/uploads\/2025\/12\/9-Eduard-Daege-1832-1.jpg\" alt=\"\" class=\"wp-image-15101\"\/><figcaption class=\"wp-element-caption\">Eduard Daege (1832)<\/figcaption><\/figure>\n<\/div><\/div><\/div>\n\n<div aria-roledescription=\"slide\" class=\"wp-block-groundworx-slide gwx-carousel__slide aligncenter\" role=\"tabpanel\"><div class=\"gwx-carousel__slide-content is-layout-flow wp-block-groundworx-slide-is-layout-flow\"><div class=\"wp-block-image\">\n<figure class=\"aligncenter size-medium\"><img loading=\"lazy\" decoding=\"async\" width=\"586\" height=\"680\" src=\"https:\/\/lafilledecorinthe.com\/wordpress\/wp-content\/uploads\/2025\/12\/10-Maria-Fortuny-1856-1858-1-586x680.png\" alt=\"\" class=\"wp-image-15102\" srcset=\"https:\/\/lafilledecorinthe.com\/wordpress\/wp-content\/uploads\/2025\/12\/10-Maria-Fortuny-1856-1858-1-586x680.png 586w, https:\/\/lafilledecorinthe.com\/wordpress\/wp-content\/uploads\/2025\/12\/10-Maria-Fortuny-1856-1858-1-1103x1280.png 1103w, https:\/\/lafilledecorinthe.com\/wordpress\/wp-content\/uploads\/2025\/12\/10-Maria-Fortuny-1856-1858-1-768x891.png 768w, https:\/\/lafilledecorinthe.com\/wordpress\/wp-content\/uploads\/2025\/12\/10-Maria-Fortuny-1856-1858-1.png 1198w\" sizes=\"auto, (max-width: 586px) 100vw, 586px\" \/><figcaption class=\"wp-element-caption\">Maria\u0300 Fortuny (1856-1858)<\/figcaption><\/figure>\n<\/div><\/div><\/div>\n\n<div aria-roledescription=\"slide\" class=\"wp-block-groundworx-slide gwx-carousel__slide aligncenter\" role=\"tabpanel\"><div class=\"gwx-carousel__slide-content is-layout-flow wp-block-groundworx-slide-is-layout-flow\"><div class=\"wp-block-image\">\n<figure class=\"aligncenter size-full\"><img loading=\"lazy\" decoding=\"async\" width=\"338\" height=\"500\" src=\"https:\/\/lafilledecorinthe.com\/wordpress\/wp-content\/uploads\/2025\/12\/11-Komar-Melamid-1982-1983-1.jpg\" alt=\"\" class=\"wp-image-15103\"\/><figcaption class=\"wp-element-caption\">Komar &amp; Melamid (1982-1983)<\/figcaption><\/figure>\n<\/div><\/div><\/div>\n\n<div aria-roledescription=\"slide\" class=\"wp-block-groundworx-slide gwx-carousel__slide aligncenter\" role=\"tabpanel\"><div class=\"gwx-carousel__slide-content is-layout-flow wp-block-groundworx-slide-is-layout-flow\"><div class=\"wp-block-image\">\n<figure class=\"aligncenter size-medium\"><img loading=\"lazy\" decoding=\"async\" width=\"680\" height=\"680\" src=\"https:\/\/lafilledecorinthe.com\/wordpress\/wp-content\/uploads\/2025\/12\/12-Karen-Knorr-1994-2-680x680.jpg\" alt=\"\" class=\"wp-image-15104\" srcset=\"https:\/\/lafilledecorinthe.com\/wordpress\/wp-content\/uploads\/2025\/12\/12-Karen-Knorr-1994-2-680x680.jpg 680w, https:\/\/lafilledecorinthe.com\/wordpress\/wp-content\/uploads\/2025\/12\/12-Karen-Knorr-1994-2-1280x1280.jpg 1280w, https:\/\/lafilledecorinthe.com\/wordpress\/wp-content\/uploads\/2025\/12\/12-Karen-Knorr-1994-2-200x200.jpg 200w, https:\/\/lafilledecorinthe.com\/wordpress\/wp-content\/uploads\/2025\/12\/12-Karen-Knorr-1994-2-768x768.jpg 768w, https:\/\/lafilledecorinthe.com\/wordpress\/wp-content\/uploads\/2025\/12\/12-Karen-Knorr-1994-2-1536x1536.jpg 1536w, https:\/\/lafilledecorinthe.com\/wordpress\/wp-content\/uploads\/2025\/12\/12-Karen-Knorr-1994-2.jpg 2000w\" sizes=\"auto, (max-width: 680px) 100vw, 680px\" \/><figcaption class=\"wp-element-caption\">Karen Knorr (1994)<\/figcaption><\/figure>\n<\/div><\/div><\/div>\n\n<div aria-roledescription=\"slide\" class=\"wp-block-groundworx-slide gwx-carousel__slide aligncenter\" role=\"tabpanel\"><div class=\"gwx-carousel__slide-content is-layout-flow wp-block-groundworx-slide-is-layout-flow\"><div class=\"wp-block-image\">\n<figure class=\"aligncenter size-full\"><img loading=\"lazy\" decoding=\"async\" width=\"589\" height=\"442\" src=\"https:\/\/lafilledecorinthe.com\/wordpress\/wp-content\/uploads\/2025\/12\/13-Anne-Archet-2013-1.jpg\" alt=\"\" class=\"wp-image-15105\"\/><figcaption class=\"wp-element-caption\">Anne Archet (2013)<\/figcaption><\/figure>\n<\/div><\/div><\/div>\n\t\t\t\t<\/div>\n\t\t\t<\/div>\n\n\t\t\t<div class=\"gwx-carousel__progress\"\n\t\t\t\trole=\"progressbar\"\n\t\t\t\taria-valuemin=\"0\"\n\t\t\t\taria-valuemax=\"100\"\n\t\t\t\t\n\t\t\t\taria-label=\"Carousel progress\"\n\t\t\t\tdata-wp-bind--aria-valuenow=\"state.progressValue\"\n\t\t\t\t>\n\t\t\t\t<div class=\"gwx-carousel__progress-bar\"\n\t\t\t\t\t\t\t\t\t\tdata-wp-style--width=\"state.progressWidth\"><\/div>\n\t\t\t<\/div>\n\t\t<\/div>\n\t<\/div>\n\n<\/section>\n\n\n\n<p><\/p>\n\n\n\n<p>Si vous souhaitez prolonger la d\u00e9couverte de ce mythe je vous conseille la lecture des articles suivants :  <em><a href=\"https:\/\/shs.cairn.info\/revue-cahiers-du-genre-2007-2-page-133?lang=fr\" data-type=\"link\" data-id=\"https:\/\/shs.cairn.info\/revue-cahiers-du-genre-2007-2-page-133?lang=fr\">La fille de Dibutade, ou l&rsquo;inventrice invent\u00e9e<\/a><\/em> de l\u2019hell\u00e9niste Fran\u00e7oise Frontisi-Ducroux, <em><a href=\"https:\/\/archives.musemedusa.com\/dossier_6\/\" data-type=\"link\" data-id=\"https:\/\/archives.musemedusa.com\/dossier_6\/\">Dibutade, l&rsquo;origine de la cr\u00e9ation<\/a><\/em> de la revue MuseMedusa et <em><a href=\"https:\/\/www.erudit.org\/fr\/revues\/sp\/2015-sp03078\/1043638ar\/\" data-type=\"link\" data-id=\"https:\/\/www.erudit.org\/fr\/revues\/sp\/2015-sp03078\/1043638ar\/\">Dibutade 2.0&nbsp;: la \u00ab&nbsp;femme-auteur&nbsp;\u00bb \u00e0 l&rsquo;\u00e8re du num\u00e9rique<\/a><\/em> de Servanne Monjour. <\/p>\n","protected":false},"excerpt":{"rendered":"<p>Contact :06 88 71 57 51contact@lafilledecorinthe.com Identifiant SIRET :538 945 254 00018 Conception et animation d\u2019ateliers artistiques sur les images (cin\u00e9ma, photographie, illustration)Formation pour adultes (enseignants, biblioth\u00e9caires, m\u00e9diateurs jeune public) Parcours 2011-2026 : cr\u00e9ation et animation du site blog La fille de Corinthe2008-2011 : conseill\u00e8re p\u00e9dagogique d\u00e9partementale en arts visuels (Hauts de Seine)2004-2008 : ma\u00eetre&#8230;<\/p>\n","protected":false},"author":2,"featured_media":14402,"parent":0,"menu_order":1,"comment_status":"closed","ping_status":"closed","template":"","meta":{"_kad_post_transparent":"","_kad_post_title":"","_kad_post_layout":"","_kad_post_sidebar_id":"","_kad_post_content_style":"","_kad_post_vertical_padding":"","_kad_post_feature":"","_kad_post_feature_position":"","_kad_post_header":false,"_kad_post_footer":false,"_kad_post_classname":"","footnotes":""},"class_list":["post-6","page","type-page","status-publish","has-post-thumbnail","hentry"],"_links":{"self":[{"href":"https:\/\/lafilledecorinthe.com\/wordpress\/wp-json\/wp\/v2\/pages\/6","targetHints":{"allow":["GET"]}}],"collection":[{"href":"https:\/\/lafilledecorinthe.com\/wordpress\/wp-json\/wp\/v2\/pages"}],"about":[{"href":"https:\/\/lafilledecorinthe.com\/wordpress\/wp-json\/wp\/v2\/types\/page"}],"author":[{"embeddable":true,"href":"https:\/\/lafilledecorinthe.com\/wordpress\/wp-json\/wp\/v2\/users\/2"}],"replies":[{"embeddable":true,"href":"https:\/\/lafilledecorinthe.com\/wordpress\/wp-json\/wp\/v2\/comments?post=6"}],"version-history":[{"count":63,"href":"https:\/\/lafilledecorinthe.com\/wordpress\/wp-json\/wp\/v2\/pages\/6\/revisions"}],"predecessor-version":[{"id":15751,"href":"https:\/\/lafilledecorinthe.com\/wordpress\/wp-json\/wp\/v2\/pages\/6\/revisions\/15751"}],"wp:featuredmedia":[{"embeddable":true,"href":"https:\/\/lafilledecorinthe.com\/wordpress\/wp-json\/wp\/v2\/media\/14402"}],"wp:attachment":[{"href":"https:\/\/lafilledecorinthe.com\/wordpress\/wp-json\/wp\/v2\/media?parent=6"}],"curies":[{"name":"wp","href":"https:\/\/api.w.org\/{rel}","templated":true}]}}